{"id":295,"date":"2019-02-07T17:07:52","date_gmt":"2019-02-07T17:07:52","guid":{"rendered":"https:\/\/www.technature.com.br\/site\/?page_id=295"},"modified":"2024-06-07T00:50:49","modified_gmt":"2024-06-07T00:50:49","slug":"gel-de-contato","status":"publish","type":"page","link":"https:\/\/www.technature.com.br\/site\/gel-de-contato\/","title":{"rendered":"Gel de Contato"},"content":{"rendered":"<p><center><\/center><\/p>\n<p style=\"text-align: center;\"><strong><img loading=\"lazy\" decoding=\"async\" class=\"alignnone size-large wp-image-809\" src=\"https:\/\/www.technature.com.br\/site\/wp-content\/uploads\/2024\/05\/Design-sem-nome-57-1024x377.jpg\" alt=\"\" width=\"1024\" height=\"377\" srcset=\"https:\/\/www.technature.com.br\/site\/wp-content\/uploads\/2024\/05\/Design-sem-nome-57-1024x377.jpg 1024w, https:\/\/www.technature.com.br\/site\/wp-content\/uploads\/2024\/05\/Design-sem-nome-57-300x111.jpg 300w, https:\/\/www.technature.com.br\/site\/wp-content\/uploads\/2024\/05\/Design-sem-nome-57-768x283.jpg 768w, https:\/\/www.technature.com.br\/site\/wp-content\/uploads\/2024\/05\/Design-sem-nome-57-1536x566.jpg 1536w, https:\/\/www.technature.com.br\/site\/wp-content\/uploads\/2024\/05\/Design-sem-nome-57.jpg 1900w\" sizes=\"(max-width: 1024px) 100vw, 1024px\" \/><br \/>\nGEL DE CONTATO<\/strong><\/p>\n<div>\n<p>O Gel Cl\u00ednico de Contato foi especialmente desenvolvido para atender aos diversos tratamentos m\u00e9dicos, est\u00e9ticos e fisioterap\u00eauticos, com equipamentos de ultrassom de imagem, laser e luz intensa pulsada (LIP), ultrassom de alta e baixa pot\u00eancia, eletrocardi\u00f3grafos e ec\u00f3grafos, doppler e desfibriladores, TENS e FES, e outros equipamentos que utilizem gel para meios de contato.<\/p>\n<\/div>\n<p><strong>EMBALAGEM COM<\/strong><br \/>\n<i class=\"fas fa-angle-right \" ><\/i> 5 <span class=\"OYPEnA text-decoration-none text-strikethrough-none\">kg de gel<\/span><br \/>\n<i class=\"fas fa-angle-right \" ><\/i> <span class=\"OYPEnA text-decoration-none text-strikethrough-none\">melhor custo x benef\u00edcio<\/span><br \/>\n<i class=\"fas fa-angle-right \" ><\/i> <span class=\"OYPEnA text-decoration-none text-strikethrough-none\">maior rendimento e f\u00e1cil remo\u00e7\u00e3o<\/span><br \/>\n<i class=\"fas fa-angle-right \" ><\/i> <span class=\"OYPEnA text-decoration-none text-strikethrough-none\">hidratante e n\u00e3o deixa res\u00edduo na pele<\/span><br \/>\n<span class=\"OYPEnA text-decoration-none text-strikethrough-none\"><i class=\"fas fa-angle-right \" ><\/i> hiper deslizante e \u00f3tima condutividade<br \/>\n<i class=\"fas fa-angle-right \" ><\/i> n\u00e3o escorre, consist\u00eancia e viscosidade ideal<br \/>\n<i class=\"fas fa-angle-right \" ><\/i> n\u00e3o mancha, n\u00e3o deixa res\u00edduo, hidrossol\u00favel<br \/>\n<\/span><span class=\"OYPEnA text-decoration-none text-strikethrough-none\"><i class=\"fas fa-angle-right \" ><\/i> n\u00e3o danifica o transdutor<\/span><br \/>\n<span class=\"OYPEnA text-decoration-none text-strikethrough-none\"><i class=\"fas fa-angle-right \" ><\/i> ph neutro<\/span><\/p>\n<div>\n<p>&nbsp;<\/p>\n<\/div>\n<p>&nbsp;<\/p>\n","protected":false},"excerpt":{"rendered":"<p>GEL DE CONTATO O Gel Cl\u00ednico de Contato foi especialmente desenvolvido para atender aos diversos tratamentos m\u00e9dicos, est\u00e9ticos e fisioterap\u00eauticos, [&hellip;]<\/p>\n","protected":false},"author":1,"featured_media":0,"parent":0,"menu_order":0,"comment_status":"closed","ping_status":"closed","template":"","meta":{"footnotes":""},"yoast_head":"<!-- This site is optimized with the Yoast SEO plugin v22.8 - https:\/\/yoast.com\/wordpress\/plugins\/seo\/ -->\n<title>Gel de Contato - TechNature - Manta Protetora Criolip\u00f3lise e G\u00e9is<\/title>\n<meta name=\"robots\" content=\"index, follow, max-snippet:-1, max-image-preview:large, max-video-preview:-1\" \/>\n<link rel=\"canonical\" href=\"https:\/\/www.technature.com.br\/site\/gel-de-contato\/\" \/>\n<meta property=\"og:locale\" content=\"pt_BR\" \/>\n<meta property=\"og:type\" content=\"article\" \/>\n<meta property=\"og:title\" content=\"Gel de Contato - TechNature - Manta Protetora Criolip\u00f3lise e G\u00e9is\" \/>\n<meta property=\"og:description\" content=\"GEL DE CONTATO O Gel Cl\u00ednico de Contato foi especialmente desenvolvido para atender aos diversos tratamentos m\u00e9dicos, est\u00e9ticos e fisioterap\u00eauticos, [&hellip;]\" \/>\n<meta property=\"og:url\" content=\"https:\/\/www.technature.com.br\/site\/gel-de-contato\/\" \/>\n<meta property=\"og:site_name\" content=\"TechNature - Manta Protetora Criolip\u00f3lise e G\u00e9is\" \/>\n<meta property=\"article:publisher\" content=\"https:\/\/www.facebook.com\/mantatechnature\/\" \/>\n<meta property=\"article:modified_time\" content=\"2024-06-07T00:50:49+00:00\" \/>\n<meta property=\"og:image\" content=\"https:\/\/www.technature.com.br\/site\/wp-content\/uploads\/2024\/05\/Design-sem-nome-57-1024x377.jpg\" \/>\n<meta name=\"twitter:card\" content=\"summary_large_image\" \/>\n<meta name=\"twitter:label1\" content=\"Est. tempo de leitura\" \/>\n\t<meta name=\"twitter:data1\" content=\"2 minutos\" \/>\n<script type=\"application\/ld+json\" class=\"yoast-schema-graph\">{\"@context\":\"https:\/\/schema.org\",\"@graph\":[{\"@type\":\"WebPage\",\"@id\":\"https:\/\/www.technature.com.br\/site\/gel-de-contato\/\",\"url\":\"https:\/\/www.technature.com.br\/site\/gel-de-contato\/\",\"name\":\"Gel de Contato - TechNature - Manta Protetora Criolip\u00f3lise e G\u00e9is\",\"isPartOf\":{\"@id\":\"https:\/\/www.technature.com.br\/site\/#website\"},\"primaryImageOfPage\":{\"@id\":\"https:\/\/www.technature.com.br\/site\/gel-de-contato\/#primaryimage\"},\"image\":{\"@id\":\"https:\/\/www.technature.com.br\/site\/gel-de-contato\/#primaryimage\"},\"thumbnailUrl\":\"https:\/\/www.technature.com.br\/site\/wp-content\/uploads\/2024\/05\/Design-sem-nome-57-1024x377.jpg\",\"datePublished\":\"2019-02-07T17:07:52+00:00\",\"dateModified\":\"2024-06-07T00:50:49+00:00\",\"breadcrumb\":{\"@id\":\"https:\/\/www.technature.com.br\/site\/gel-de-contato\/#breadcrumb\"},\"inLanguage\":\"pt-BR\",\"potentialAction\":[{\"@type\":\"ReadAction\",\"target\":[\"https:\/\/www.technature.com.br\/site\/gel-de-contato\/\"]}]},{\"@type\":\"ImageObject\",\"inLanguage\":\"pt-BR\",\"@id\":\"https:\/\/www.technature.com.br\/site\/gel-de-contato\/#primaryimage\",\"url\":\"https:\/\/www.technature.com.br\/site\/wp-content\/uploads\/2024\/05\/Design-sem-nome-57.jpg\",\"contentUrl\":\"https:\/\/www.technature.com.br\/site\/wp-content\/uploads\/2024\/05\/Design-sem-nome-57.jpg\",\"width\":1900,\"height\":700},{\"@type\":\"BreadcrumbList\",\"@id\":\"https:\/\/www.technature.com.br\/site\/gel-de-contato\/#breadcrumb\",\"itemListElement\":[{\"@type\":\"ListItem\",\"position\":1,\"name\":\"Home\",\"item\":\"https:\/\/www.technature.com.br\/site\/\"},{\"@type\":\"ListItem\",\"position\":2,\"name\":\"Gel de Contato\"}]},{\"@type\":\"WebSite\",\"@id\":\"https:\/\/www.technature.com.br\/site\/#website\",\"url\":\"https:\/\/www.technature.com.br\/site\/\",\"name\":\"TechNature - Manta protetora para criolip\u00f3lise com registro na Anvisa\",\"description\":\"Manta Protetora Criolip\u00f3lise e G\u00e9is\",\"publisher\":{\"@id\":\"https:\/\/www.technature.com.br\/site\/#organization\"},\"potentialAction\":[{\"@type\":\"SearchAction\",\"target\":{\"@type\":\"EntryPoint\",\"urlTemplate\":\"https:\/\/www.technature.com.br\/site\/?s={search_term_string}\"},\"query-input\":\"required name=search_term_string\"}],\"inLanguage\":\"pt-BR\"},{\"@type\":\"Organization\",\"@id\":\"https:\/\/www.technature.com.br\/site\/#organization\",\"name\":\"Technature\",\"url\":\"https:\/\/www.technature.com.br\/site\/\",\"logo\":{\"@type\":\"ImageObject\",\"inLanguage\":\"pt-BR\",\"@id\":\"https:\/\/www.technature.com.br\/site\/#\/schema\/logo\/image\/\",\"url\":\"https:\/\/www.technature.com.br\/site\/wp-content\/uploads\/2018\/09\/LogoTechnature_Reflexo-2.png\",\"contentUrl\":\"https:\/\/www.technature.com.br\/site\/wp-content\/uploads\/2018\/09\/LogoTechnature_Reflexo-2.png\",\"width\":350,\"height\":71,\"caption\":\"Technature\"},\"image\":{\"@id\":\"https:\/\/www.technature.com.br\/site\/#\/schema\/logo\/image\/\"},\"sameAs\":[\"https:\/\/www.facebook.com\/mantatechnature\/\",\"https:\/\/www.instagram.com\/mantatechnature\/\",\"https:\/\/www.linkedin.com\/company\/mantas-technature\/\"]}]}<\/script>\n<!-- \/ Yoast SEO plugin. -->","yoast_head_json":{"title":"Gel de Contato - TechNature - Manta Protetora Criolip\u00f3lise e G\u00e9is","robots":{"index":"index","follow":"follow","max-snippet":"max-snippet:-1","max-image-preview":"max-image-preview:large","max-video-preview":"max-video-preview:-1"},"canonical":"https:\/\/www.technature.com.br\/site\/gel-de-contato\/","og_locale":"pt_BR","og_type":"article","og_title":"Gel de Contato - TechNature - Manta Protetora Criolip\u00f3lise e G\u00e9is","og_description":"GEL DE CONTATO O Gel Cl\u00ednico de Contato foi especialmente desenvolvido para atender aos diversos tratamentos m\u00e9dicos, est\u00e9ticos e fisioterap\u00eauticos, [&hellip;]","og_url":"https:\/\/www.technature.com.br\/site\/gel-de-contato\/","og_site_name":"TechNature - Manta Protetora Criolip\u00f3lise e G\u00e9is","article_publisher":"https:\/\/www.facebook.com\/mantatechnature\/","article_modified_time":"2024-06-07T00:50:49+00:00","og_image":[{"url":"https:\/\/www.technature.com.br\/site\/wp-content\/uploads\/2024\/05\/Design-sem-nome-57-1024x377.jpg"}],"twitter_card":"summary_large_image","twitter_misc":{"Est. tempo de leitura":"2 minutos"},"schema":{"@context":"https:\/\/schema.org","@graph":[{"@type":"WebPage","@id":"https:\/\/www.technature.com.br\/site\/gel-de-contato\/","url":"https:\/\/www.technature.com.br\/site\/gel-de-contato\/","name":"Gel de Contato - TechNature - Manta Protetora Criolip\u00f3lise e G\u00e9is","isPartOf":{"@id":"https:\/\/www.technature.com.br\/site\/#website"},"primaryImageOfPage":{"@id":"https:\/\/www.technature.com.br\/site\/gel-de-contato\/#primaryimage"},"image":{"@id":"https:\/\/www.technature.com.br\/site\/gel-de-contato\/#primaryimage"},"thumbnailUrl":"https:\/\/www.technature.com.br\/site\/wp-content\/uploads\/2024\/05\/Design-sem-nome-57-1024x377.jpg","datePublished":"2019-02-07T17:07:52+00:00","dateModified":"2024-06-07T00:50:49+00:00","breadcrumb":{"@id":"https:\/\/www.technature.com.br\/site\/gel-de-contato\/#breadcrumb"},"inLanguage":"pt-BR","potentialAction":[{"@type":"ReadAction","target":["https:\/\/www.technature.com.br\/site\/gel-de-contato\/"]}]},{"@type":"ImageObject","inLanguage":"pt-BR","@id":"https:\/\/www.technature.com.br\/site\/gel-de-contato\/#primaryimage","url":"https:\/\/www.technature.com.br\/site\/wp-content\/uploads\/2024\/05\/Design-sem-nome-57.jpg","contentUrl":"https:\/\/www.technature.com.br\/site\/wp-content\/uploads\/2024\/05\/Design-sem-nome-57.jpg","width":1900,"height":700},{"@type":"BreadcrumbList","@id":"https:\/\/www.technature.com.br\/site\/gel-de-contato\/#breadcrumb","itemListElement":[{"@type":"ListItem","position":1,"name":"Home","item":"https:\/\/www.technature.com.br\/site\/"},{"@type":"ListItem","position":2,"name":"Gel de Contato"}]},{"@type":"WebSite","@id":"https:\/\/www.technature.com.br\/site\/#website","url":"https:\/\/www.technature.com.br\/site\/","name":"TechNature - Manta protetora para criolip\u00f3lise com registro na Anvisa","description":"Manta Protetora Criolip\u00f3lise e G\u00e9is","publisher":{"@id":"https:\/\/www.technature.com.br\/site\/#organization"},"potentialAction":[{"@type":"SearchAction","target":{"@type":"EntryPoint","urlTemplate":"https:\/\/www.technature.com.br\/site\/?s={search_term_string}"},"query-input":"required name=search_term_string"}],"inLanguage":"pt-BR"},{"@type":"Organization","@id":"https:\/\/www.technature.com.br\/site\/#organization","name":"Technature","url":"https:\/\/www.technature.com.br\/site\/","logo":{"@type":"ImageObject","inLanguage":"pt-BR","@id":"https:\/\/www.technature.com.br\/site\/#\/schema\/logo\/image\/","url":"https:\/\/www.technature.com.br\/site\/wp-content\/uploads\/2018\/09\/LogoTechnature_Reflexo-2.png","contentUrl":"https:\/\/www.technature.com.br\/site\/wp-content\/uploads\/2018\/09\/LogoTechnature_Reflexo-2.png","width":350,"height":71,"caption":"Technature"},"image":{"@id":"https:\/\/www.technature.com.br\/site\/#\/schema\/logo\/image\/"},"sameAs":["https:\/\/www.facebook.com\/mantatechnature\/","https:\/\/www.instagram.com\/mantatechnature\/","https:\/\/www.linkedin.com\/company\/mantas-technature\/"]}]}},"_links":{"self":[{"href":"https:\/\/www.technature.com.br\/site\/wp-json\/wp\/v2\/pages\/295"}],"collection":[{"href":"https:\/\/www.technature.com.br\/site\/wp-json\/wp\/v2\/pages"}],"about":[{"href":"https:\/\/www.technature.com.br\/site\/wp-json\/wp\/v2\/types\/page"}],"author":[{"embeddable":true,"href":"https:\/\/www.technature.com.br\/site\/wp-json\/wp\/v2\/users\/1"}],"replies":[{"embeddable":true,"href":"https:\/\/www.technature.com.br\/site\/wp-json\/wp\/v2\/comments?post=295"}],"version-history":[{"count":57,"href":"https:\/\/www.technature.com.br\/site\/wp-json\/wp\/v2\/pages\/295\/revisions"}],"predecessor-version":[{"id":865,"href":"https:\/\/www.technature.com.br\/site\/wp-json\/wp\/v2\/pages\/295\/revisions\/865"}],"wp:attachment":[{"href":"https:\/\/www.technature.com.br\/site\/wp-json\/wp\/v2\/media?parent=295"}],"curies":[{"name":"wp","href":"https:\/\/api.w.org\/{rel}","templated":true}]}}