{"id":807,"date":"2024-06-05T02:37:21","date_gmt":"2024-06-05T02:37:21","guid":{"rendered":"https:\/\/www.technature.com.br\/site\/?page_id=807"},"modified":"2024-06-07T00:37:02","modified_gmt":"2024-06-07T00:37:02","slug":"gel-anticongelante","status":"publish","type":"page","link":"https:\/\/www.technature.com.br\/site\/gel-anticongelante\/","title":{"rendered":"Gel Anticongelante"},"content":{"rendered":"<p><center><img loading=\"lazy\" decoding=\"async\" src=\"https:\/\/www.technature.com.br\/site\/wp-content\/uploads\/2024\/05\/Design-sem-nome-56.jpg\" alt=\"\" width=\"1000\" height=\"500\" class=\"alignnone size-medium wp-image-804\" \/><\/p>\n<p><strong>GEL ANTICONGELANTE <\/strong><\/p>\n<p>O produto foi desenvolvido para proteger a pele durante a Criofrequ\u00eancia e a Crio Din\u00e2mica, proporcionando o deslizamento ideal da manopla em seu procedimento.<\/p>\n<p><strong>EMBALAGEM COM<\/strong><br \/>\n<i class=\"fas fa-angle-right \" ><\/i> 300g de l\u00edquido anticongelante<br \/>\n<i class=\"fas fa-angle-right \" ><\/i> frasco para f\u00e1cil aplica\u00e7\u00e3o<br \/>\n<i class=\"fas fa-angle-right \" ><\/i> com l serina, agente hidratante natural da pele prote\u00e7\u00e3o e seguran\u00e7a em seu procedimento<\/p>\n","protected":false},"excerpt":{"rendered":"<p>GEL ANTICONGELANTE O produto foi desenvolvido para proteger a pele durante a Criofrequ\u00eancia e a Crio Din\u00e2mica, proporcionando o deslizamento [&hellip;]<\/p>\n","protected":false},"author":1,"featured_media":0,"parent":0,"menu_order":0,"comment_status":"closed","ping_status":"closed","template":"","meta":{"footnotes":""},"yoast_head":"<!-- This site is optimized with the Yoast SEO plugin v22.8 - https:\/\/yoast.com\/wordpress\/plugins\/seo\/ -->\n<title>Gel Anticongelante - TechNature - Manta Protetora Criolip\u00f3lise e G\u00e9is<\/title>\n<meta name=\"robots\" content=\"index, follow, max-snippet:-1, max-image-preview:large, max-video-preview:-1\" \/>\n<link rel=\"canonical\" href=\"https:\/\/www.technature.com.br\/site\/gel-anticongelante\/\" \/>\n<meta property=\"og:locale\" content=\"pt_BR\" \/>\n<meta property=\"og:type\" content=\"article\" \/>\n<meta property=\"og:title\" content=\"Gel Anticongelante - TechNature - Manta Protetora Criolip\u00f3lise e G\u00e9is\" \/>\n<meta property=\"og:description\" content=\"GEL ANTICONGELANTE O produto foi desenvolvido para proteger a pele durante a Criofrequ\u00eancia e a Crio Din\u00e2mica, proporcionando o deslizamento [&hellip;]\" \/>\n<meta property=\"og:url\" content=\"https:\/\/www.technature.com.br\/site\/gel-anticongelante\/\" \/>\n<meta property=\"og:site_name\" content=\"TechNature - Manta Protetora Criolip\u00f3lise e G\u00e9is\" \/>\n<meta property=\"article:publisher\" content=\"https:\/\/www.facebook.com\/mantatechnature\/\" \/>\n<meta property=\"article:modified_time\" content=\"2024-06-07T00:37:02+00:00\" \/>\n<meta property=\"og:image\" content=\"https:\/\/www.technature.com.br\/site\/wp-content\/uploads\/2024\/05\/Design-sem-nome-56.jpg\" \/>\n<meta name=\"twitter:card\" content=\"summary_large_image\" \/>\n<meta name=\"twitter:label1\" content=\"Est. tempo de leitura\" \/>\n\t<meta name=\"twitter:data1\" content=\"1 minuto\" \/>\n<script type=\"application\/ld+json\" class=\"yoast-schema-graph\">{\"@context\":\"https:\/\/schema.org\",\"@graph\":[{\"@type\":\"WebPage\",\"@id\":\"https:\/\/www.technature.com.br\/site\/gel-anticongelante\/\",\"url\":\"https:\/\/www.technature.com.br\/site\/gel-anticongelante\/\",\"name\":\"Gel Anticongelante - TechNature - Manta Protetora Criolip\u00f3lise e G\u00e9is\",\"isPartOf\":{\"@id\":\"https:\/\/www.technature.com.br\/site\/#website\"},\"primaryImageOfPage\":{\"@id\":\"https:\/\/www.technature.com.br\/site\/gel-anticongelante\/#primaryimage\"},\"image\":{\"@id\":\"https:\/\/www.technature.com.br\/site\/gel-anticongelante\/#primaryimage\"},\"thumbnailUrl\":\"https:\/\/www.technature.com.br\/site\/wp-content\/uploads\/2024\/05\/Design-sem-nome-56.jpg\",\"datePublished\":\"2024-06-05T02:37:21+00:00\",\"dateModified\":\"2024-06-07T00:37:02+00:00\",\"breadcrumb\":{\"@id\":\"https:\/\/www.technature.com.br\/site\/gel-anticongelante\/#breadcrumb\"},\"inLanguage\":\"pt-BR\",\"potentialAction\":[{\"@type\":\"ReadAction\",\"target\":[\"https:\/\/www.technature.com.br\/site\/gel-anticongelante\/\"]}]},{\"@type\":\"ImageObject\",\"inLanguage\":\"pt-BR\",\"@id\":\"https:\/\/www.technature.com.br\/site\/gel-anticongelante\/#primaryimage\",\"url\":\"https:\/\/www.technature.com.br\/site\/wp-content\/uploads\/2024\/05\/Design-sem-nome-56.jpg\",\"contentUrl\":\"https:\/\/www.technature.com.br\/site\/wp-content\/uploads\/2024\/05\/Design-sem-nome-56.jpg\",\"width\":1900,\"height\":700},{\"@type\":\"BreadcrumbList\",\"@id\":\"https:\/\/www.technature.com.br\/site\/gel-anticongelante\/#breadcrumb\",\"itemListElement\":[{\"@type\":\"ListItem\",\"position\":1,\"name\":\"Home\",\"item\":\"https:\/\/www.technature.com.br\/site\/\"},{\"@type\":\"ListItem\",\"position\":2,\"name\":\"Gel Anticongelante\"}]},{\"@type\":\"WebSite\",\"@id\":\"https:\/\/www.technature.com.br\/site\/#website\",\"url\":\"https:\/\/www.technature.com.br\/site\/\",\"name\":\"TechNature - Manta protetora para criolip\u00f3lise com registro na Anvisa\",\"description\":\"Manta Protetora Criolip\u00f3lise e G\u00e9is\",\"publisher\":{\"@id\":\"https:\/\/www.technature.com.br\/site\/#organization\"},\"potentialAction\":[{\"@type\":\"SearchAction\",\"target\":{\"@type\":\"EntryPoint\",\"urlTemplate\":\"https:\/\/www.technature.com.br\/site\/?s={search_term_string}\"},\"query-input\":\"required name=search_term_string\"}],\"inLanguage\":\"pt-BR\"},{\"@type\":\"Organization\",\"@id\":\"https:\/\/www.technature.com.br\/site\/#organization\",\"name\":\"Technature\",\"url\":\"https:\/\/www.technature.com.br\/site\/\",\"logo\":{\"@type\":\"ImageObject\",\"inLanguage\":\"pt-BR\",\"@id\":\"https:\/\/www.technature.com.br\/site\/#\/schema\/logo\/image\/\",\"url\":\"https:\/\/www.technature.com.br\/site\/wp-content\/uploads\/2018\/09\/LogoTechnature_Reflexo-2.png\",\"contentUrl\":\"https:\/\/www.technature.com.br\/site\/wp-content\/uploads\/2018\/09\/LogoTechnature_Reflexo-2.png\",\"width\":350,\"height\":71,\"caption\":\"Technature\"},\"image\":{\"@id\":\"https:\/\/www.technature.com.br\/site\/#\/schema\/logo\/image\/\"},\"sameAs\":[\"https:\/\/www.facebook.com\/mantatechnature\/\",\"https:\/\/www.instagram.com\/mantatechnature\/\",\"https:\/\/www.linkedin.com\/company\/mantas-technature\/\"]}]}<\/script>\n<!-- \/ Yoast SEO plugin. -->","yoast_head_json":{"title":"Gel Anticongelante - TechNature - Manta Protetora Criolip\u00f3lise e G\u00e9is","robots":{"index":"index","follow":"follow","max-snippet":"max-snippet:-1","max-image-preview":"max-image-preview:large","max-video-preview":"max-video-preview:-1"},"canonical":"https:\/\/www.technature.com.br\/site\/gel-anticongelante\/","og_locale":"pt_BR","og_type":"article","og_title":"Gel Anticongelante - TechNature - Manta Protetora Criolip\u00f3lise e G\u00e9is","og_description":"GEL ANTICONGELANTE O produto foi desenvolvido para proteger a pele durante a Criofrequ\u00eancia e a Crio Din\u00e2mica, proporcionando o deslizamento [&hellip;]","og_url":"https:\/\/www.technature.com.br\/site\/gel-anticongelante\/","og_site_name":"TechNature - Manta Protetora Criolip\u00f3lise e G\u00e9is","article_publisher":"https:\/\/www.facebook.com\/mantatechnature\/","article_modified_time":"2024-06-07T00:37:02+00:00","og_image":[{"url":"https:\/\/www.technature.com.br\/site\/wp-content\/uploads\/2024\/05\/Design-sem-nome-56.jpg"}],"twitter_card":"summary_large_image","twitter_misc":{"Est. tempo de leitura":"1 minuto"},"schema":{"@context":"https:\/\/schema.org","@graph":[{"@type":"WebPage","@id":"https:\/\/www.technature.com.br\/site\/gel-anticongelante\/","url":"https:\/\/www.technature.com.br\/site\/gel-anticongelante\/","name":"Gel Anticongelante - TechNature - Manta Protetora Criolip\u00f3lise e G\u00e9is","isPartOf":{"@id":"https:\/\/www.technature.com.br\/site\/#website"},"primaryImageOfPage":{"@id":"https:\/\/www.technature.com.br\/site\/gel-anticongelante\/#primaryimage"},"image":{"@id":"https:\/\/www.technature.com.br\/site\/gel-anticongelante\/#primaryimage"},"thumbnailUrl":"https:\/\/www.technature.com.br\/site\/wp-content\/uploads\/2024\/05\/Design-sem-nome-56.jpg","datePublished":"2024-06-05T02:37:21+00:00","dateModified":"2024-06-07T00:37:02+00:00","breadcrumb":{"@id":"https:\/\/www.technature.com.br\/site\/gel-anticongelante\/#breadcrumb"},"inLanguage":"pt-BR","potentialAction":[{"@type":"ReadAction","target":["https:\/\/www.technature.com.br\/site\/gel-anticongelante\/"]}]},{"@type":"ImageObject","inLanguage":"pt-BR","@id":"https:\/\/www.technature.com.br\/site\/gel-anticongelante\/#primaryimage","url":"https:\/\/www.technature.com.br\/site\/wp-content\/uploads\/2024\/05\/Design-sem-nome-56.jpg","contentUrl":"https:\/\/www.technature.com.br\/site\/wp-content\/uploads\/2024\/05\/Design-sem-nome-56.jpg","width":1900,"height":700},{"@type":"BreadcrumbList","@id":"https:\/\/www.technature.com.br\/site\/gel-anticongelante\/#breadcrumb","itemListElement":[{"@type":"ListItem","position":1,"name":"Home","item":"https:\/\/www.technature.com.br\/site\/"},{"@type":"ListItem","position":2,"name":"Gel Anticongelante"}]},{"@type":"WebSite","@id":"https:\/\/www.technature.com.br\/site\/#website","url":"https:\/\/www.technature.com.br\/site\/","name":"TechNature - Manta protetora para criolip\u00f3lise com registro na Anvisa","description":"Manta Protetora Criolip\u00f3lise e G\u00e9is","publisher":{"@id":"https:\/\/www.technature.com.br\/site\/#organization"},"potentialAction":[{"@type":"SearchAction","target":{"@type":"EntryPoint","urlTemplate":"https:\/\/www.technature.com.br\/site\/?s={search_term_string}"},"query-input":"required name=search_term_string"}],"inLanguage":"pt-BR"},{"@type":"Organization","@id":"https:\/\/www.technature.com.br\/site\/#organization","name":"Technature","url":"https:\/\/www.technature.com.br\/site\/","logo":{"@type":"ImageObject","inLanguage":"pt-BR","@id":"https:\/\/www.technature.com.br\/site\/#\/schema\/logo\/image\/","url":"https:\/\/www.technature.com.br\/site\/wp-content\/uploads\/2018\/09\/LogoTechnature_Reflexo-2.png","contentUrl":"https:\/\/www.technature.com.br\/site\/wp-content\/uploads\/2018\/09\/LogoTechnature_Reflexo-2.png","width":350,"height":71,"caption":"Technature"},"image":{"@id":"https:\/\/www.technature.com.br\/site\/#\/schema\/logo\/image\/"},"sameAs":["https:\/\/www.facebook.com\/mantatechnature\/","https:\/\/www.instagram.com\/mantatechnature\/","https:\/\/www.linkedin.com\/company\/mantas-technature\/"]}]}},"_links":{"self":[{"href":"https:\/\/www.technature.com.br\/site\/wp-json\/wp\/v2\/pages\/807"}],"collection":[{"href":"https:\/\/www.technature.com.br\/site\/wp-json\/wp\/v2\/pages"}],"about":[{"href":"https:\/\/www.technature.com.br\/site\/wp-json\/wp\/v2\/types\/page"}],"author":[{"embeddable":true,"href":"https:\/\/www.technature.com.br\/site\/wp-json\/wp\/v2\/users\/1"}],"replies":[{"embeddable":true,"href":"https:\/\/www.technature.com.br\/site\/wp-json\/wp\/v2\/comments?post=807"}],"version-history":[{"count":13,"href":"https:\/\/www.technature.com.br\/site\/wp-json\/wp\/v2\/pages\/807\/revisions"}],"predecessor-version":[{"id":856,"href":"https:\/\/www.technature.com.br\/site\/wp-json\/wp\/v2\/pages\/807\/revisions\/856"}],"wp:attachment":[{"href":"https:\/\/www.technature.com.br\/site\/wp-json\/wp\/v2\/media?parent=807"}],"curies":[{"name":"wp","href":"https:\/\/api.w.org\/{rel}","templated":true}]}}