{"id":825,"date":"2024-06-07T01:03:33","date_gmt":"2024-06-07T01:03:33","guid":{"rendered":"https:\/\/www.technature.com.br\/site\/?page_id=825"},"modified":"2024-06-07T01:04:03","modified_gmt":"2024-06-07T01:04:03","slug":"manta-protetora-para-criolipolise-plus-dupla","status":"publish","type":"page","link":"https:\/\/www.technature.com.br\/site\/manta-protetora-para-criolipolise-plus-dupla\/","title":{"rendered":"Manta Protetora Para Criolip\u00f3lise Plus Dupla"},"content":{"rendered":"<p style=\"text-align: center;\"><img loading=\"lazy\" decoding=\"async\" class=\"alignnone size-large wp-image-694\" src=\"https:\/\/www.technature.com.br\/site\/wp-content\/uploads\/2024\/03\/Design-sem-nome-23-1024x377.jpg\" alt=\"\" width=\"1024\" height=\"377\" srcset=\"https:\/\/www.technature.com.br\/site\/wp-content\/uploads\/2024\/03\/Design-sem-nome-23-1024x377.jpg 1024w, https:\/\/www.technature.com.br\/site\/wp-content\/uploads\/2024\/03\/Design-sem-nome-23-300x111.jpg 300w, https:\/\/www.technature.com.br\/site\/wp-content\/uploads\/2024\/03\/Design-sem-nome-23-768x283.jpg 768w, https:\/\/www.technature.com.br\/site\/wp-content\/uploads\/2024\/03\/Design-sem-nome-23.jpg 1900w\" sizes=\"(max-width: 1024px) 100vw, 1024px\" \/><\/p>\n<p style=\"text-align: center;\"><strong>Manta Protetora para Criolip\u00f3lise Plus Dupla<\/strong><\/p>\n<p>A manta protetora plus dupla possui certifica\u00e7\u00e3o da Anvisa como produto para sa\u00fade, e deve ser utilizada em conjunto com aparelho de criolip\u00f3lise de acordo com o protocolo de uso do fabricante do equipamento. Possui 220 g. Abra a embalagem no local indicado somente no momento de uso, aplique as mantas no local a ser tratado certificando-se que o man\u00edpulo est\u00e1 centralizado na manta, sem entrar em contato com a pele. Ap\u00f3s a verifica\u00e7\u00e3o inicie o procedimento.<\/p>\n<p><strong>Advert\u00eancias:\u00a0<\/strong>Produto de uso profissional em equipamento de criolip\u00f3lise. Uso \u00fanico e individual, n\u00e3o utilizar o produto caso a embalagem esteja violada e n\u00e3o utilizar caso as mantas esteja danificadas, rasgadas, furadas ou secas. Em caso de contato com os olhos e mucosas, lave com \u00e1gua abundante. Havendo irrita\u00e7\u00e3o suspenda o uso e procure orienta\u00e7\u00e3o m\u00e9dica.<\/p>\n<p><strong>Precau\u00e7\u00f5es:<\/strong>\u00a0Utilizar a quantidade total de l\u00edquido presente na embalagem para prote\u00e7\u00e3o completa da pele. N\u00e3o utilizar sobre pele lesionada.<\/p>\n<p><strong>Composi\u00e7\u00e3o:<\/strong>\u00a0\u00c1gua, Hidroxietilcelulose, Serina, Metilparabeno, Sorbitol L\u00edquido, Propilenoglicol, Glicerina Vegetal.<\/p>\n<div>\n<p>EMBALAGEM COM<\/p>\n<\/div>\n<p style=\"text-align: left;\"><i class=\"fas fa-angle-right \" ><\/i> 02 unidades de membrana congelante + 02 protetores umbilical<br \/>\n<i class=\"fas fa-angle-right \" ><\/i> tamanho: g 30&#215;38 cm com 220g de l\u00edquido<br \/>\n<i class=\"fas fa-angle-right \" ><\/i> maior custo x benef\u00edcio<br \/>\n<i class=\"fas fa-angle-right \" ><\/i> indicada para m\u00e1quinas mais sens\u00edveis como cooltech<br \/>\n<i class=\"fas fa-angle-right \" ><\/i> com l serina, agente hidratante natural da pele<\/p>\n","protected":false},"excerpt":{"rendered":"<p>Manta Protetora para Criolip\u00f3lise Plus Dupla A manta protetora plus dupla possui certifica\u00e7\u00e3o da Anvisa como produto para sa\u00fade, e [&hellip;]<\/p>\n","protected":false},"author":1,"featured_media":0,"parent":0,"menu_order":0,"comment_status":"closed","ping_status":"closed","template":"","meta":{"footnotes":""},"yoast_head":"<!-- This site is optimized with the Yoast SEO plugin v22.8 - https:\/\/yoast.com\/wordpress\/plugins\/seo\/ -->\n<title>Manta Protetora Para Criolip\u00f3lise Plus Dupla - TechNature - Manta Protetora Criolip\u00f3lise e G\u00e9is<\/title>\n<meta name=\"robots\" content=\"index, follow, max-snippet:-1, max-image-preview:large, max-video-preview:-1\" \/>\n<link rel=\"canonical\" href=\"https:\/\/www.technature.com.br\/site\/manta-protetora-para-criolipolise-plus-dupla\/\" \/>\n<meta property=\"og:locale\" content=\"pt_BR\" \/>\n<meta property=\"og:type\" content=\"article\" \/>\n<meta property=\"og:title\" content=\"Manta Protetora Para Criolip\u00f3lise Plus Dupla - TechNature - Manta Protetora Criolip\u00f3lise e G\u00e9is\" \/>\n<meta property=\"og:description\" content=\"Manta Protetora para Criolip\u00f3lise Plus Dupla A manta protetora plus dupla possui certifica\u00e7\u00e3o da Anvisa como produto para sa\u00fade, e [&hellip;]\" \/>\n<meta property=\"og:url\" content=\"https:\/\/www.technature.com.br\/site\/manta-protetora-para-criolipolise-plus-dupla\/\" \/>\n<meta property=\"og:site_name\" content=\"TechNature - Manta Protetora Criolip\u00f3lise e G\u00e9is\" \/>\n<meta property=\"article:publisher\" content=\"https:\/\/www.facebook.com\/mantatechnature\/\" \/>\n<meta property=\"article:modified_time\" content=\"2024-06-07T01:04:03+00:00\" \/>\n<meta property=\"og:image\" content=\"https:\/\/www.technature.com.br\/site\/wp-content\/uploads\/2024\/03\/Design-sem-nome-23-1024x377.jpg\" \/>\n<meta name=\"twitter:card\" content=\"summary_large_image\" \/>\n<meta name=\"twitter:label1\" content=\"Est. tempo de leitura\" \/>\n\t<meta name=\"twitter:data1\" content=\"2 minutos\" \/>\n<script type=\"application\/ld+json\" class=\"yoast-schema-graph\">{\"@context\":\"https:\/\/schema.org\",\"@graph\":[{\"@type\":\"WebPage\",\"@id\":\"https:\/\/www.technature.com.br\/site\/manta-protetora-para-criolipolise-plus-dupla\/\",\"url\":\"https:\/\/www.technature.com.br\/site\/manta-protetora-para-criolipolise-plus-dupla\/\",\"name\":\"Manta Protetora Para Criolip\u00f3lise Plus Dupla - TechNature - Manta Protetora Criolip\u00f3lise e G\u00e9is\",\"isPartOf\":{\"@id\":\"https:\/\/www.technature.com.br\/site\/#website\"},\"primaryImageOfPage\":{\"@id\":\"https:\/\/www.technature.com.br\/site\/manta-protetora-para-criolipolise-plus-dupla\/#primaryimage\"},\"image\":{\"@id\":\"https:\/\/www.technature.com.br\/site\/manta-protetora-para-criolipolise-plus-dupla\/#primaryimage\"},\"thumbnailUrl\":\"https:\/\/www.technature.com.br\/site\/wp-content\/uploads\/2024\/03\/Design-sem-nome-23-1024x377.jpg\",\"datePublished\":\"2024-06-07T01:03:33+00:00\",\"dateModified\":\"2024-06-07T01:04:03+00:00\",\"breadcrumb\":{\"@id\":\"https:\/\/www.technature.com.br\/site\/manta-protetora-para-criolipolise-plus-dupla\/#breadcrumb\"},\"inLanguage\":\"pt-BR\",\"potentialAction\":[{\"@type\":\"ReadAction\",\"target\":[\"https:\/\/www.technature.com.br\/site\/manta-protetora-para-criolipolise-plus-dupla\/\"]}]},{\"@type\":\"ImageObject\",\"inLanguage\":\"pt-BR\",\"@id\":\"https:\/\/www.technature.com.br\/site\/manta-protetora-para-criolipolise-plus-dupla\/#primaryimage\",\"url\":\"https:\/\/www.technature.com.br\/site\/wp-content\/uploads\/2024\/03\/Design-sem-nome-23.jpg\",\"contentUrl\":\"https:\/\/www.technature.com.br\/site\/wp-content\/uploads\/2024\/03\/Design-sem-nome-23.jpg\",\"width\":1900,\"height\":700},{\"@type\":\"BreadcrumbList\",\"@id\":\"https:\/\/www.technature.com.br\/site\/manta-protetora-para-criolipolise-plus-dupla\/#breadcrumb\",\"itemListElement\":[{\"@type\":\"ListItem\",\"position\":1,\"name\":\"Home\",\"item\":\"https:\/\/www.technature.com.br\/site\/\"},{\"@type\":\"ListItem\",\"position\":2,\"name\":\"Manta Protetora Para Criolip\u00f3lise Plus Dupla\"}]},{\"@type\":\"WebSite\",\"@id\":\"https:\/\/www.technature.com.br\/site\/#website\",\"url\":\"https:\/\/www.technature.com.br\/site\/\",\"name\":\"TechNature - Manta protetora para criolip\u00f3lise com registro na Anvisa\",\"description\":\"Manta Protetora Criolip\u00f3lise e G\u00e9is\",\"publisher\":{\"@id\":\"https:\/\/www.technature.com.br\/site\/#organization\"},\"potentialAction\":[{\"@type\":\"SearchAction\",\"target\":{\"@type\":\"EntryPoint\",\"urlTemplate\":\"https:\/\/www.technature.com.br\/site\/?s={search_term_string}\"},\"query-input\":\"required name=search_term_string\"}],\"inLanguage\":\"pt-BR\"},{\"@type\":\"Organization\",\"@id\":\"https:\/\/www.technature.com.br\/site\/#organization\",\"name\":\"Technature\",\"url\":\"https:\/\/www.technature.com.br\/site\/\",\"logo\":{\"@type\":\"ImageObject\",\"inLanguage\":\"pt-BR\",\"@id\":\"https:\/\/www.technature.com.br\/site\/#\/schema\/logo\/image\/\",\"url\":\"https:\/\/www.technature.com.br\/site\/wp-content\/uploads\/2018\/09\/LogoTechnature_Reflexo-2.png\",\"contentUrl\":\"https:\/\/www.technature.com.br\/site\/wp-content\/uploads\/2018\/09\/LogoTechnature_Reflexo-2.png\",\"width\":350,\"height\":71,\"caption\":\"Technature\"},\"image\":{\"@id\":\"https:\/\/www.technature.com.br\/site\/#\/schema\/logo\/image\/\"},\"sameAs\":[\"https:\/\/www.facebook.com\/mantatechnature\/\",\"https:\/\/www.instagram.com\/mantatechnature\/\",\"https:\/\/www.linkedin.com\/company\/mantas-technature\/\"]}]}<\/script>\n<!-- \/ Yoast SEO plugin. -->","yoast_head_json":{"title":"Manta Protetora Para Criolip\u00f3lise Plus Dupla - TechNature - Manta Protetora Criolip\u00f3lise e G\u00e9is","robots":{"index":"index","follow":"follow","max-snippet":"max-snippet:-1","max-image-preview":"max-image-preview:large","max-video-preview":"max-video-preview:-1"},"canonical":"https:\/\/www.technature.com.br\/site\/manta-protetora-para-criolipolise-plus-dupla\/","og_locale":"pt_BR","og_type":"article","og_title":"Manta Protetora Para Criolip\u00f3lise Plus Dupla - TechNature - Manta Protetora Criolip\u00f3lise e G\u00e9is","og_description":"Manta Protetora para Criolip\u00f3lise Plus Dupla A manta protetora plus dupla possui certifica\u00e7\u00e3o da Anvisa como produto para sa\u00fade, e [&hellip;]","og_url":"https:\/\/www.technature.com.br\/site\/manta-protetora-para-criolipolise-plus-dupla\/","og_site_name":"TechNature - Manta Protetora Criolip\u00f3lise e G\u00e9is","article_publisher":"https:\/\/www.facebook.com\/mantatechnature\/","article_modified_time":"2024-06-07T01:04:03+00:00","og_image":[{"url":"https:\/\/www.technature.com.br\/site\/wp-content\/uploads\/2024\/03\/Design-sem-nome-23-1024x377.jpg"}],"twitter_card":"summary_large_image","twitter_misc":{"Est. tempo de leitura":"2 minutos"},"schema":{"@context":"https:\/\/schema.org","@graph":[{"@type":"WebPage","@id":"https:\/\/www.technature.com.br\/site\/manta-protetora-para-criolipolise-plus-dupla\/","url":"https:\/\/www.technature.com.br\/site\/manta-protetora-para-criolipolise-plus-dupla\/","name":"Manta Protetora Para Criolip\u00f3lise Plus Dupla - TechNature - Manta Protetora Criolip\u00f3lise e G\u00e9is","isPartOf":{"@id":"https:\/\/www.technature.com.br\/site\/#website"},"primaryImageOfPage":{"@id":"https:\/\/www.technature.com.br\/site\/manta-protetora-para-criolipolise-plus-dupla\/#primaryimage"},"image":{"@id":"https:\/\/www.technature.com.br\/site\/manta-protetora-para-criolipolise-plus-dupla\/#primaryimage"},"thumbnailUrl":"https:\/\/www.technature.com.br\/site\/wp-content\/uploads\/2024\/03\/Design-sem-nome-23-1024x377.jpg","datePublished":"2024-06-07T01:03:33+00:00","dateModified":"2024-06-07T01:04:03+00:00","breadcrumb":{"@id":"https:\/\/www.technature.com.br\/site\/manta-protetora-para-criolipolise-plus-dupla\/#breadcrumb"},"inLanguage":"pt-BR","potentialAction":[{"@type":"ReadAction","target":["https:\/\/www.technature.com.br\/site\/manta-protetora-para-criolipolise-plus-dupla\/"]}]},{"@type":"ImageObject","inLanguage":"pt-BR","@id":"https:\/\/www.technature.com.br\/site\/manta-protetora-para-criolipolise-plus-dupla\/#primaryimage","url":"https:\/\/www.technature.com.br\/site\/wp-content\/uploads\/2024\/03\/Design-sem-nome-23.jpg","contentUrl":"https:\/\/www.technature.com.br\/site\/wp-content\/uploads\/2024\/03\/Design-sem-nome-23.jpg","width":1900,"height":700},{"@type":"BreadcrumbList","@id":"https:\/\/www.technature.com.br\/site\/manta-protetora-para-criolipolise-plus-dupla\/#breadcrumb","itemListElement":[{"@type":"ListItem","position":1,"name":"Home","item":"https:\/\/www.technature.com.br\/site\/"},{"@type":"ListItem","position":2,"name":"Manta Protetora Para Criolip\u00f3lise Plus Dupla"}]},{"@type":"WebSite","@id":"https:\/\/www.technature.com.br\/site\/#website","url":"https:\/\/www.technature.com.br\/site\/","name":"TechNature - Manta protetora para criolip\u00f3lise com registro na Anvisa","description":"Manta Protetora Criolip\u00f3lise e G\u00e9is","publisher":{"@id":"https:\/\/www.technature.com.br\/site\/#organization"},"potentialAction":[{"@type":"SearchAction","target":{"@type":"EntryPoint","urlTemplate":"https:\/\/www.technature.com.br\/site\/?s={search_term_string}"},"query-input":"required name=search_term_string"}],"inLanguage":"pt-BR"},{"@type":"Organization","@id":"https:\/\/www.technature.com.br\/site\/#organization","name":"Technature","url":"https:\/\/www.technature.com.br\/site\/","logo":{"@type":"ImageObject","inLanguage":"pt-BR","@id":"https:\/\/www.technature.com.br\/site\/#\/schema\/logo\/image\/","url":"https:\/\/www.technature.com.br\/site\/wp-content\/uploads\/2018\/09\/LogoTechnature_Reflexo-2.png","contentUrl":"https:\/\/www.technature.com.br\/site\/wp-content\/uploads\/2018\/09\/LogoTechnature_Reflexo-2.png","width":350,"height":71,"caption":"Technature"},"image":{"@id":"https:\/\/www.technature.com.br\/site\/#\/schema\/logo\/image\/"},"sameAs":["https:\/\/www.facebook.com\/mantatechnature\/","https:\/\/www.instagram.com\/mantatechnature\/","https:\/\/www.linkedin.com\/company\/mantas-technature\/"]}]}},"_links":{"self":[{"href":"https:\/\/www.technature.com.br\/site\/wp-json\/wp\/v2\/pages\/825"}],"collection":[{"href":"https:\/\/www.technature.com.br\/site\/wp-json\/wp\/v2\/pages"}],"about":[{"href":"https:\/\/www.technature.com.br\/site\/wp-json\/wp\/v2\/types\/page"}],"author":[{"embeddable":true,"href":"https:\/\/www.technature.com.br\/site\/wp-json\/wp\/v2\/users\/1"}],"replies":[{"embeddable":true,"href":"https:\/\/www.technature.com.br\/site\/wp-json\/wp\/v2\/comments?post=825"}],"version-history":[{"count":5,"href":"https:\/\/www.technature.com.br\/site\/wp-json\/wp\/v2\/pages\/825\/revisions"}],"predecessor-version":[{"id":872,"href":"https:\/\/www.technature.com.br\/site\/wp-json\/wp\/v2\/pages\/825\/revisions\/872"}],"wp:attachment":[{"href":"https:\/\/www.technature.com.br\/site\/wp-json\/wp\/v2\/media?parent=825"}],"curies":[{"name":"wp","href":"https:\/\/api.w.org\/{rel}","templated":true}]}}