{"id":875,"date":"2024-06-11T01:45:29","date_gmt":"2024-06-11T01:45:29","guid":{"rendered":"https:\/\/www.technature.com.br\/site\/?page_id=875"},"modified":"2024-06-11T01:45:29","modified_gmt":"2024-06-11T01:45:29","slug":"gel-radiofrequencia","status":"publish","type":"page","link":"https:\/\/www.technature.com.br\/site\/gel-radiofrequencia\/","title":{"rendered":"Gel-Radiofrequencia"},"content":{"rendered":"<p>&nbsp;<\/p>\n<div><center><img loading=\"lazy\" decoding=\"async\" class=\"alignnone size-medium wp-image-804\" src=\"https:\/\/www.technature.com.br\/site\/wp-content\/uploads\/2024\/05\/Design-sem-nome-55.jpg\" alt=\"\" width=\"1000\" height=\"500\" \/><\/center><\/p>\n<p style=\"text-align: center;\"><strong>GEL GLICERINADO PARA RADIOFREQU\u00caNCIA<\/strong><\/p>\n<p>O Gel Glicerinado para Radiofrequ\u00eancia foi desenvolvido com formula\u00e7\u00e3o super hidratante e hiper deslizante que distribui e controla a temperatura aplicada, protegendo a pele, dando seguran\u00e7a e conforto durante o procedimento.<\/p>\n<p><strong>EMBALAGEM COM<\/strong><br \/>\n<i class=\"fas fa-angle-right \" ><\/i> 300g de gel glicerinado<br \/>\n<i class=\"fas fa-angle-right \" ><\/i> frasco para f\u00e1cil aplica\u00e7\u00e3o<br \/>\n<i class=\"fas fa-angle-right \" ><\/i> seguran\u00e7a e conforto em seu procedimento<br \/>\n<i class=\"fas fa-angle-right \" ><\/i> bem viscoso, n\u00e3o escorre<br \/>\n<i class=\"fas fa-angle-right \" ><\/i> ph neutro<\/p>\n<\/div>\n<p>&nbsp;<\/p>\n","protected":false},"excerpt":{"rendered":"<p>&nbsp; GEL GLICERINADO PARA RADIOFREQU\u00caNCIA O Gel Glicerinado para Radiofrequ\u00eancia foi desenvolvido com formula\u00e7\u00e3o super hidratante e hiper deslizante que [&hellip;]<\/p>\n","protected":false},"author":1,"featured_media":0,"parent":0,"menu_order":0,"comment_status":"closed","ping_status":"closed","template":"","meta":{"footnotes":""},"yoast_head":"<!-- This site is optimized with the Yoast SEO plugin v22.8 - https:\/\/yoast.com\/wordpress\/plugins\/seo\/ -->\n<title>Gel-Radiofrequencia - TechNature - Manta Protetora Criolip\u00f3lise e G\u00e9is<\/title>\n<meta name=\"robots\" content=\"index, follow, max-snippet:-1, max-image-preview:large, max-video-preview:-1\" \/>\n<link rel=\"canonical\" href=\"https:\/\/www.technature.com.br\/site\/gel-radiofrequencia\/\" \/>\n<meta property=\"og:locale\" content=\"pt_BR\" \/>\n<meta property=\"og:type\" content=\"article\" \/>\n<meta property=\"og:title\" content=\"Gel-Radiofrequencia - TechNature - Manta Protetora Criolip\u00f3lise e G\u00e9is\" \/>\n<meta property=\"og:description\" content=\"&nbsp; GEL GLICERINADO PARA RADIOFREQU\u00caNCIA O Gel Glicerinado para Radiofrequ\u00eancia foi desenvolvido com formula\u00e7\u00e3o super hidratante e hiper deslizante que [&hellip;]\" \/>\n<meta property=\"og:url\" content=\"https:\/\/www.technature.com.br\/site\/gel-radiofrequencia\/\" \/>\n<meta property=\"og:site_name\" content=\"TechNature - Manta Protetora Criolip\u00f3lise e G\u00e9is\" \/>\n<meta property=\"article:publisher\" content=\"https:\/\/www.facebook.com\/mantatechnature\/\" \/>\n<meta property=\"og:image\" content=\"https:\/\/www.technature.com.br\/site\/wp-content\/uploads\/2024\/05\/Design-sem-nome-55.jpg\" \/>\n<meta name=\"twitter:card\" content=\"summary_large_image\" \/>\n<meta name=\"twitter:label1\" content=\"Est. tempo de leitura\" \/>\n\t<meta name=\"twitter:data1\" content=\"1 minuto\" \/>\n<script type=\"application\/ld+json\" class=\"yoast-schema-graph\">{\"@context\":\"https:\/\/schema.org\",\"@graph\":[{\"@type\":\"WebPage\",\"@id\":\"https:\/\/www.technature.com.br\/site\/gel-radiofrequencia\/\",\"url\":\"https:\/\/www.technature.com.br\/site\/gel-radiofrequencia\/\",\"name\":\"Gel-Radiofrequencia - TechNature - Manta Protetora Criolip\u00f3lise e G\u00e9is\",\"isPartOf\":{\"@id\":\"https:\/\/www.technature.com.br\/site\/#website\"},\"primaryImageOfPage\":{\"@id\":\"https:\/\/www.technature.com.br\/site\/gel-radiofrequencia\/#primaryimage\"},\"image\":{\"@id\":\"https:\/\/www.technature.com.br\/site\/gel-radiofrequencia\/#primaryimage\"},\"thumbnailUrl\":\"https:\/\/www.technature.com.br\/site\/wp-content\/uploads\/2024\/05\/Design-sem-nome-55.jpg\",\"datePublished\":\"2024-06-11T01:45:29+00:00\",\"dateModified\":\"2024-06-11T01:45:29+00:00\",\"breadcrumb\":{\"@id\":\"https:\/\/www.technature.com.br\/site\/gel-radiofrequencia\/#breadcrumb\"},\"inLanguage\":\"pt-BR\",\"potentialAction\":[{\"@type\":\"ReadAction\",\"target\":[\"https:\/\/www.technature.com.br\/site\/gel-radiofrequencia\/\"]}]},{\"@type\":\"ImageObject\",\"inLanguage\":\"pt-BR\",\"@id\":\"https:\/\/www.technature.com.br\/site\/gel-radiofrequencia\/#primaryimage\",\"url\":\"https:\/\/www.technature.com.br\/site\/wp-content\/uploads\/2024\/05\/Design-sem-nome-56.jpg\",\"contentUrl\":\"https:\/\/www.technature.com.br\/site\/wp-content\/uploads\/2024\/05\/Design-sem-nome-56.jpg\",\"width\":1900,\"height\":700},{\"@type\":\"BreadcrumbList\",\"@id\":\"https:\/\/www.technature.com.br\/site\/gel-radiofrequencia\/#breadcrumb\",\"itemListElement\":[{\"@type\":\"ListItem\",\"position\":1,\"name\":\"Home\",\"item\":\"https:\/\/www.technature.com.br\/site\/\"},{\"@type\":\"ListItem\",\"position\":2,\"name\":\"Gel-Radiofrequencia\"}]},{\"@type\":\"WebSite\",\"@id\":\"https:\/\/www.technature.com.br\/site\/#website\",\"url\":\"https:\/\/www.technature.com.br\/site\/\",\"name\":\"TechNature - Manta protetora para criolip\u00f3lise com registro na Anvisa\",\"description\":\"Manta Protetora Criolip\u00f3lise e G\u00e9is\",\"publisher\":{\"@id\":\"https:\/\/www.technature.com.br\/site\/#organization\"},\"potentialAction\":[{\"@type\":\"SearchAction\",\"target\":{\"@type\":\"EntryPoint\",\"urlTemplate\":\"https:\/\/www.technature.com.br\/site\/?s={search_term_string}\"},\"query-input\":\"required name=search_term_string\"}],\"inLanguage\":\"pt-BR\"},{\"@type\":\"Organization\",\"@id\":\"https:\/\/www.technature.com.br\/site\/#organization\",\"name\":\"Technature\",\"url\":\"https:\/\/www.technature.com.br\/site\/\",\"logo\":{\"@type\":\"ImageObject\",\"inLanguage\":\"pt-BR\",\"@id\":\"https:\/\/www.technature.com.br\/site\/#\/schema\/logo\/image\/\",\"url\":\"https:\/\/www.technature.com.br\/site\/wp-content\/uploads\/2018\/09\/LogoTechnature_Reflexo-2.png\",\"contentUrl\":\"https:\/\/www.technature.com.br\/site\/wp-content\/uploads\/2018\/09\/LogoTechnature_Reflexo-2.png\",\"width\":350,\"height\":71,\"caption\":\"Technature\"},\"image\":{\"@id\":\"https:\/\/www.technature.com.br\/site\/#\/schema\/logo\/image\/\"},\"sameAs\":[\"https:\/\/www.facebook.com\/mantatechnature\/\",\"https:\/\/www.instagram.com\/mantatechnature\/\",\"https:\/\/www.linkedin.com\/company\/mantas-technature\/\"]}]}<\/script>\n<!-- \/ Yoast SEO plugin. -->","yoast_head_json":{"title":"Gel-Radiofrequencia - TechNature - Manta Protetora Criolip\u00f3lise e G\u00e9is","robots":{"index":"index","follow":"follow","max-snippet":"max-snippet:-1","max-image-preview":"max-image-preview:large","max-video-preview":"max-video-preview:-1"},"canonical":"https:\/\/www.technature.com.br\/site\/gel-radiofrequencia\/","og_locale":"pt_BR","og_type":"article","og_title":"Gel-Radiofrequencia - TechNature - Manta Protetora Criolip\u00f3lise e G\u00e9is","og_description":"&nbsp; GEL GLICERINADO PARA RADIOFREQU\u00caNCIA O Gel Glicerinado para Radiofrequ\u00eancia foi desenvolvido com formula\u00e7\u00e3o super hidratante e hiper deslizante que [&hellip;]","og_url":"https:\/\/www.technature.com.br\/site\/gel-radiofrequencia\/","og_site_name":"TechNature - Manta Protetora Criolip\u00f3lise e G\u00e9is","article_publisher":"https:\/\/www.facebook.com\/mantatechnature\/","og_image":[{"url":"https:\/\/www.technature.com.br\/site\/wp-content\/uploads\/2024\/05\/Design-sem-nome-55.jpg"}],"twitter_card":"summary_large_image","twitter_misc":{"Est. tempo de leitura":"1 minuto"},"schema":{"@context":"https:\/\/schema.org","@graph":[{"@type":"WebPage","@id":"https:\/\/www.technature.com.br\/site\/gel-radiofrequencia\/","url":"https:\/\/www.technature.com.br\/site\/gel-radiofrequencia\/","name":"Gel-Radiofrequencia - TechNature - Manta Protetora Criolip\u00f3lise e G\u00e9is","isPartOf":{"@id":"https:\/\/www.technature.com.br\/site\/#website"},"primaryImageOfPage":{"@id":"https:\/\/www.technature.com.br\/site\/gel-radiofrequencia\/#primaryimage"},"image":{"@id":"https:\/\/www.technature.com.br\/site\/gel-radiofrequencia\/#primaryimage"},"thumbnailUrl":"https:\/\/www.technature.com.br\/site\/wp-content\/uploads\/2024\/05\/Design-sem-nome-55.jpg","datePublished":"2024-06-11T01:45:29+00:00","dateModified":"2024-06-11T01:45:29+00:00","breadcrumb":{"@id":"https:\/\/www.technature.com.br\/site\/gel-radiofrequencia\/#breadcrumb"},"inLanguage":"pt-BR","potentialAction":[{"@type":"ReadAction","target":["https:\/\/www.technature.com.br\/site\/gel-radiofrequencia\/"]}]},{"@type":"ImageObject","inLanguage":"pt-BR","@id":"https:\/\/www.technature.com.br\/site\/gel-radiofrequencia\/#primaryimage","url":"https:\/\/www.technature.com.br\/site\/wp-content\/uploads\/2024\/05\/Design-sem-nome-56.jpg","contentUrl":"https:\/\/www.technature.com.br\/site\/wp-content\/uploads\/2024\/05\/Design-sem-nome-56.jpg","width":1900,"height":700},{"@type":"BreadcrumbList","@id":"https:\/\/www.technature.com.br\/site\/gel-radiofrequencia\/#breadcrumb","itemListElement":[{"@type":"ListItem","position":1,"name":"Home","item":"https:\/\/www.technature.com.br\/site\/"},{"@type":"ListItem","position":2,"name":"Gel-Radiofrequencia"}]},{"@type":"WebSite","@id":"https:\/\/www.technature.com.br\/site\/#website","url":"https:\/\/www.technature.com.br\/site\/","name":"TechNature - Manta protetora para criolip\u00f3lise com registro na Anvisa","description":"Manta Protetora Criolip\u00f3lise e G\u00e9is","publisher":{"@id":"https:\/\/www.technature.com.br\/site\/#organization"},"potentialAction":[{"@type":"SearchAction","target":{"@type":"EntryPoint","urlTemplate":"https:\/\/www.technature.com.br\/site\/?s={search_term_string}"},"query-input":"required name=search_term_string"}],"inLanguage":"pt-BR"},{"@type":"Organization","@id":"https:\/\/www.technature.com.br\/site\/#organization","name":"Technature","url":"https:\/\/www.technature.com.br\/site\/","logo":{"@type":"ImageObject","inLanguage":"pt-BR","@id":"https:\/\/www.technature.com.br\/site\/#\/schema\/logo\/image\/","url":"https:\/\/www.technature.com.br\/site\/wp-content\/uploads\/2018\/09\/LogoTechnature_Reflexo-2.png","contentUrl":"https:\/\/www.technature.com.br\/site\/wp-content\/uploads\/2018\/09\/LogoTechnature_Reflexo-2.png","width":350,"height":71,"caption":"Technature"},"image":{"@id":"https:\/\/www.technature.com.br\/site\/#\/schema\/logo\/image\/"},"sameAs":["https:\/\/www.facebook.com\/mantatechnature\/","https:\/\/www.instagram.com\/mantatechnature\/","https:\/\/www.linkedin.com\/company\/mantas-technature\/"]}]}},"_links":{"self":[{"href":"https:\/\/www.technature.com.br\/site\/wp-json\/wp\/v2\/pages\/875"}],"collection":[{"href":"https:\/\/www.technature.com.br\/site\/wp-json\/wp\/v2\/pages"}],"about":[{"href":"https:\/\/www.technature.com.br\/site\/wp-json\/wp\/v2\/types\/page"}],"author":[{"embeddable":true,"href":"https:\/\/www.technature.com.br\/site\/wp-json\/wp\/v2\/users\/1"}],"replies":[{"embeddable":true,"href":"https:\/\/www.technature.com.br\/site\/wp-json\/wp\/v2\/comments?post=875"}],"version-history":[{"count":2,"href":"https:\/\/www.technature.com.br\/site\/wp-json\/wp\/v2\/pages\/875\/revisions"}],"predecessor-version":[{"id":877,"href":"https:\/\/www.technature.com.br\/site\/wp-json\/wp\/v2\/pages\/875\/revisions\/877"}],"wp:attachment":[{"href":"https:\/\/www.technature.com.br\/site\/wp-json\/wp\/v2\/media?parent=875"}],"curies":[{"name":"wp","href":"https:\/\/api.w.org\/{rel}","templated":true}]}}